{"id":242,"date":"2024-12-01T12:01:48","date_gmt":"2024-12-01T12:01:48","guid":{"rendered":"https:\/\/adpatres.com.pl\/?page_id=242"},"modified":"2026-02-12T07:48:37","modified_gmt":"2026-02-12T07:48:37","slug":"spopielania","status":"publish","type":"page","link":"https:\/\/adpatres.com.pl\/index.php\/spopielania\/","title":{"rendered":"Spopielarnia"},"content":{"rendered":"\t\t<div data-elementor-type=\"wp-page\" data-elementor-id=\"242\" class=\"elementor elementor-242\">\n\t\t\t\t<div class=\"elementor-element elementor-element-9466a35 e-flex e-con-boxed e-con e-parent\" data-id=\"9466a35\" data-element_type=\"container\" data-e-type=\"container\">\n\t\t\t\t\t<div class=\"e-con-inner\">\n\t\t\t\t<div class=\"elementor-element elementor-element-2cd8ec1 elementor-widget__width-initial elementor-widget elementor-widget-text-editor\" data-id=\"2cd8ec1\" data-element_type=\"widget\" data-e-type=\"widget\" data-widget_type=\"text-editor.default\">\n\t\t\t\t<div class=\"elementor-widget-container\">\n\t\t\t\t\t\t\t\t\t<p>W styczniu 2024 roku, w ramach kompleksowych us\u0142ug pogrzebowych, otworzyli\u015bmy w\u0142asn\u0105 nowoczesn\u0105 spopielarni\u0119, b\u0119d\u0105c\u0105 jedynym takim przedsi\u0119wzi\u0119ciem w naszym regionie. Mie\u015bci si\u0119 ona pod tym samym adresem, co zak\u0142ad pogrzebowy. Bior\u0105c pod uwag\u0119 rosn\u0105ce zainteresowanie rodzin os\u00f3b zmar\u0142ych, a tak\u017ce istotne wzgl\u0119dy finansowe, oferujemy profesjonaln\u0105 us\u0142ug\u0119 kremacyjn\u0105 wraz z bogatym wyborem urn oraz utensyli\u00f3w pogrzebowych. Najbli\u017csi maj\u0105 r\u00f3wnie\u017c mo\u017cliwo\u015b\u0107, ze specjalnie do tego przygotowanego pokoju, obserwowa\u0107 ostatni\u0105 drog\u0119 zmar\u0142ego. W spopielarni cia\u0142o ludzkie ulega spopieleniu, a nie spaleniu. Dzieje si\u0119 to na skutek wysokiej, si\u0119gaj\u0105cej tysi\u0105ca stopni Celsjusza temperatury. Ca\u0142y proces spopielenia przebiega pod czujnym okiem wykwalifikowanego personelu i z zachowaniem najwy\u017cszych standard\u00f3w us\u0142ugi.<\/p><p>Spopielenie zw\u0142ok towarzyszy ludzko\u015bci od zawsze. W obecnych czasach coraz wi\u0119cej os\u00f3b przekonuje si\u0119, \u017ce ceremonia pogrzebowa z urn\u0105 jest r\u00f3wnie godna, podnios\u0142a i uroczysta, co tzw. pogrzeb tradycyjny.<\/p><p>Oferuj\u0105c Pa\u0144stwu kompleksowe us\u0142ugi pogrzebowe wierzymy, \u017ce ka\u017cda forma godnego poch\u00f3wku jest okazaniem szacunku zmar\u0142ej osobie w ostatnich chwilach.<\/p><div id='gallery-1' class='gallery galleryid-242 gallery-columns-2 gallery-size-medium'><figure class='gallery-item'>\n\t\t\t<div class='gallery-icon landscape'>\n\t\t\t\t<a href='https:\/\/adpatres.com.pl\/wp-content\/uploads\/2024\/12\/img_20240131_122739-scaled.jpg'><img decoding=\"async\" width=\"300\" height=\"135\" src=\"https:\/\/adpatres.com.pl\/wp-content\/uploads\/2024\/12\/img_20240131_122739-300x135.jpg\" class=\"attachment-medium size-medium\" alt=\"\" srcset=\"https:\/\/adpatres.com.pl\/wp-content\/uploads\/2024\/12\/img_20240131_122739-300x135.jpg 300w, https:\/\/adpatres.com.pl\/wp-content\/uploads\/2024\/12\/img_20240131_122739-1024x461.jpg 1024w, https:\/\/adpatres.com.pl\/wp-content\/uploads\/2024\/12\/img_20240131_122739-768x345.jpg 768w, https:\/\/adpatres.com.pl\/wp-content\/uploads\/2024\/12\/img_20240131_122739-1536x691.jpg 1536w, https:\/\/adpatres.com.pl\/wp-content\/uploads\/2024\/12\/img_20240131_122739-2048x921.jpg 2048w, https:\/\/adpatres.com.pl\/wp-content\/uploads\/2024\/12\/img_20240131_122739-850x382.jpg 850w\" sizes=\"(max-width: 300px) 100vw, 300px\" \/><\/a>\n\t\t\t<\/div><\/figure><figure class='gallery-item'>\n\t\t\t<div class='gallery-icon landscape'>\n\t\t\t\t<a href='https:\/\/adpatres.com.pl\/wp-content\/uploads\/2024\/12\/img_20240131_122822-scaled.jpg'><img decoding=\"async\" width=\"300\" height=\"135\" src=\"https:\/\/adpatres.com.pl\/wp-content\/uploads\/2024\/12\/img_20240131_122822-300x135.jpg\" class=\"attachment-medium size-medium\" alt=\"\" srcset=\"https:\/\/adpatres.com.pl\/wp-content\/uploads\/2024\/12\/img_20240131_122822-300x135.jpg 300w, https:\/\/adpatres.com.pl\/wp-content\/uploads\/2024\/12\/img_20240131_122822-1024x461.jpg 1024w, https:\/\/adpatres.com.pl\/wp-content\/uploads\/2024\/12\/img_20240131_122822-768x345.jpg 768w, https:\/\/adpatres.com.pl\/wp-content\/uploads\/2024\/12\/img_20240131_122822-1536x691.jpg 1536w, https:\/\/adpatres.com.pl\/wp-content\/uploads\/2024\/12\/img_20240131_122822-2048x921.jpg 2048w, https:\/\/adpatres.com.pl\/wp-content\/uploads\/2024\/12\/img_20240131_122822-850x382.jpg 850w\" sizes=\"(max-width: 300px) 100vw, 300px\" \/><\/a>\n\t\t\t<\/div><\/figure><figure class='gallery-item'>\n\t\t\t<div class='gallery-icon landscape'>\n\t\t\t\t<a href='https:\/\/adpatres.com.pl\/wp-content\/uploads\/2024\/12\/img_20240131_123041-scaled.jpg'><img decoding=\"async\" width=\"300\" height=\"135\" src=\"https:\/\/adpatres.com.pl\/wp-content\/uploads\/2024\/12\/img_20240131_123041-300x135.jpg\" class=\"attachment-medium size-medium\" alt=\"\" srcset=\"https:\/\/adpatres.com.pl\/wp-content\/uploads\/2024\/12\/img_20240131_123041-300x135.jpg 300w, https:\/\/adpatres.com.pl\/wp-content\/uploads\/2024\/12\/img_20240131_123041-1024x461.jpg 1024w, https:\/\/adpatres.com.pl\/wp-content\/uploads\/2024\/12\/img_20240131_123041-768x345.jpg 768w, https:\/\/adpatres.com.pl\/wp-content\/uploads\/2024\/12\/img_20240131_123041-1536x691.jpg 1536w, https:\/\/adpatres.com.pl\/wp-content\/uploads\/2024\/12\/img_20240131_123041-2048x921.jpg 2048w, https:\/\/adpatres.com.pl\/wp-content\/uploads\/2024\/12\/img_20240131_123041-850x382.jpg 850w\" sizes=\"(max-width: 300px) 100vw, 300px\" \/><\/a>\n\t\t\t<\/div><\/figure><figure class='gallery-item'>\n\t\t\t<div class='gallery-icon landscape'>\n\t\t\t\t<a href='https:\/\/adpatres.com.pl\/wp-content\/uploads\/2024\/12\/img_20240131_123115-scaled.jpg'><img loading=\"lazy\" decoding=\"async\" width=\"300\" height=\"135\" src=\"https:\/\/adpatres.com.pl\/wp-content\/uploads\/2024\/12\/img_20240131_123115-300x135.jpg\" class=\"attachment-medium size-medium\" alt=\"\" srcset=\"https:\/\/adpatres.com.pl\/wp-content\/uploads\/2024\/12\/img_20240131_123115-300x135.jpg 300w, https:\/\/adpatres.com.pl\/wp-content\/uploads\/2024\/12\/img_20240131_123115-1024x461.jpg 1024w, https:\/\/adpatres.com.pl\/wp-content\/uploads\/2024\/12\/img_20240131_123115-768x345.jpg 768w, https:\/\/adpatres.com.pl\/wp-content\/uploads\/2024\/12\/img_20240131_123115-1536x691.jpg 1536w, https:\/\/adpatres.com.pl\/wp-content\/uploads\/2024\/12\/img_20240131_123115-2048x921.jpg 2048w, https:\/\/adpatres.com.pl\/wp-content\/uploads\/2024\/12\/img_20240131_123115-850x382.jpg 850w\" sizes=\"(max-width: 300px) 100vw, 300px\" \/><\/a>\n\t\t\t<\/div><\/figure>\n\t\t<\/div>\n\t\t\t\t\t\t\t\t<\/div>\n\t\t\t\t<\/div>\n\t\t\t\t\t<\/div>\n\t\t\t\t<\/div>\n\t\t\t\t<\/div>\n\t\t","protected":false},"excerpt":{"rendered":"<p>W styczniu 2024 roku, w ramach kompleksowych us\u0142ug pogrzebowych, otworzyli\u015bmy w\u0142asn\u0105 nowoczesn\u0105 spopielarni\u0119, b\u0119d\u0105c\u0105 jedynym takim przedsi\u0119wzi\u0119ciem w naszym regionie. Mie\u015bci si\u0119 ona pod tym samym adresem, co zak\u0142ad pogrzebowy. Bior\u0105c pod uwag\u0119 rosn\u0105ce zainteresowanie rodzin os\u00f3b zmar\u0142ych, a tak\u017ce istotne wzgl\u0119dy finansowe, oferujemy profesjonaln\u0105 us\u0142ug\u0119 kremacyjn\u0105 wraz z bogatym wyborem urn oraz utensyli\u00f3w pogrzebowych&#8230;.<\/p>\n","protected":false},"author":1,"featured_media":0,"parent":0,"menu_order":0,"comment_status":"closed","ping_status":"closed","template":"","meta":{"footnotes":""},"class_list":["post-242","page","type-page","status-publish","hentry"],"_links":{"self":[{"href":"https:\/\/adpatres.com.pl\/index.php\/wp-json\/wp\/v2\/pages\/242","targetHints":{"allow":["GET"]}}],"collection":[{"href":"https:\/\/adpatres.com.pl\/index.php\/wp-json\/wp\/v2\/pages"}],"about":[{"href":"https:\/\/adpatres.com.pl\/index.php\/wp-json\/wp\/v2\/types\/page"}],"author":[{"embeddable":true,"href":"https:\/\/adpatres.com.pl\/index.php\/wp-json\/wp\/v2\/users\/1"}],"replies":[{"embeddable":true,"href":"https:\/\/adpatres.com.pl\/index.php\/wp-json\/wp\/v2\/comments?post=242"}],"version-history":[{"count":34,"href":"https:\/\/adpatres.com.pl\/index.php\/wp-json\/wp\/v2\/pages\/242\/revisions"}],"predecessor-version":[{"id":304,"href":"https:\/\/adpatres.com.pl\/index.php\/wp-json\/wp\/v2\/pages\/242\/revisions\/304"}],"wp:attachment":[{"href":"https:\/\/adpatres.com.pl\/index.php\/wp-json\/wp\/v2\/media?parent=242"}],"curies":[{"name":"wp","href":"https:\/\/api.w.org\/{rel}","templated":true}]}}