{"id":13,"date":"2023-12-16T20:07:52","date_gmt":"2023-12-16T20:07:52","guid":{"rendered":"http:\/\/adpatres.com.pl\/?page_id=13"},"modified":"2023-12-16T20:54:56","modified_gmt":"2023-12-16T20:54:56","slug":"o-nas","status":"publish","type":"page","link":"https:\/\/adpatres.com.pl\/","title":{"rendered":"O nas"},"content":{"rendered":"\n<p>Zak\u0142ad pogrzebowy \u201eAD Patres\u201d istnieje od 1999 roku. Od pocz\u0105tku swojej dzia\u0142alno\u015bci firma k\u0142adzie szczeg\u00f3lny nacisk na jako\u015b\u0107&nbsp; \u015bwiadczonych us\u0142ug oraz pozyskanie Pa\u0144stwa zaufania.<\/p>\n\n\n\n<p>Zdajemy sobie spraw\u0119, \u017ce \u015bmier\u0107, zw\u0142aszcza bliskiej osoby to wielka tragedia i nawet, je\u015bli jeste\u015bmy przygotowani na rozstanie, stoj\u0105c w obliczu \u015bmierci, nie zawsze potrafimy sobie poradzi\u0107 w tych trudnych chwilach. Przychodzi to \u0142atwiej, je\u015bli wszystkie formalno\u015bci zwi\u0105zane z pogrzebem mo\u017cemy powierzy\u0107 komu\u015b, maj\u0105c pewno\u015b\u0107, \u017ce poprowadzi je za nas w profesjonalny spos\u00f3b. Dlatego te\u017c, wieloletnie do\u015bwiadczenie pracownik\u00f3w firmy pozwala profesjonalnie s\u0142u\u017cy\u0107 Pa\u0144stwu pomoc\u0105 w najtrudniejszych chwilach.<\/p>\n\n\n\n<p>B\u0119dziemy wsz\u0119dzie tam, gdzie b\u0119d\u0105 nas Pa\u0144stwo potrzebowa\u0107,\u00a0gdy\u017c \u015bwiadczymy nasze us\u0142ugi pogrzebowe w dowolnym miejscu i wed\u0142ug \u017cycze\u0144 rodziny.<\/p>\n\n\n\n<p>Oferujemy transport zw\u0142ok, zar\u00f3wno krajowy, jak r\u00f3wnie\u017c zagraniczny oraz pomoc w wyborze trumny, urny, kwiat\u00f3w, a tak\u017ce uzgodnimy tre\u015b\u0107 nekrologu. Przygotujemy ceremoni\u0119 na cmentarzu oraz zorganizujemy na Pa\u0144stwa \u017cyczenie uroczysto\u015b\u0107 po\u017cegnaln\u0105. Dysponujemy nowoczesnymi pomieszczeniami i samochodami oraz profesjonalnymi urz\u0105dzeniami ch\u0142odniczymi do przechowywania zw\u0142ok.<\/p>\n\n\n\n<p>Wieloletnie do\u015bwiadczenie pozwoli\u0142o nam wyspecjalizowa\u0107 si\u0119 w \u015bwiadczeniu kompleksowych us\u0142ug pogrzebowych na najwy\u017cszym poziomie. Zostali\u015bmy docenieni przez rzesz\u0119 usatysfakcjonowanych klient\u00f3w.<\/p>\n\n\n\n<p>Chc\u0105c sprosta\u0107 Pa\u0144stwa oczekiwaniom realizujemy wszelkie zam\u00f3wienia gwarantuj\u0105c najwy\u017csz\u0105 jako\u015b\u0107 us\u0142ug.<\/p>\n","protected":false},"excerpt":{"rendered":"<p>Zak\u0142ad pogrzebowy \u201eAD Patres\u201d istnieje od 1999 roku. Od pocz\u0105tku swojej dzia\u0142alno\u015bci firma k\u0142adzie szczeg\u00f3lny nacisk na jako\u015b\u0107&nbsp; \u015bwiadczonych us\u0142ug oraz pozyskanie Pa\u0144stwa zaufania. Zdajemy sobie spraw\u0119, \u017ce \u015bmier\u0107, zw\u0142aszcza bliskiej osoby to wielka tragedia i nawet, je\u015bli jeste\u015bmy przygotowani na rozstanie, stoj\u0105c w obliczu \u015bmierci, nie zawsze potrafimy sobie poradzi\u0107 w tych trudnych chwilach&#8230;.<\/p>\n","protected":false},"author":1,"featured_media":0,"parent":0,"menu_order":0,"comment_status":"closed","ping_status":"closed","template":"","meta":{"footnotes":""},"class_list":["post-13","page","type-page","status-publish","hentry"],"_links":{"self":[{"href":"https:\/\/adpatres.com.pl\/index.php\/wp-json\/wp\/v2\/pages\/13","targetHints":{"allow":["GET"]}}],"collection":[{"href":"https:\/\/adpatres.com.pl\/index.php\/wp-json\/wp\/v2\/pages"}],"about":[{"href":"https:\/\/adpatres.com.pl\/index.php\/wp-json\/wp\/v2\/types\/page"}],"author":[{"embeddable":true,"href":"https:\/\/adpatres.com.pl\/index.php\/wp-json\/wp\/v2\/users\/1"}],"replies":[{"embeddable":true,"href":"https:\/\/adpatres.com.pl\/index.php\/wp-json\/wp\/v2\/comments?post=13"}],"version-history":[{"count":2,"href":"https:\/\/adpatres.com.pl\/index.php\/wp-json\/wp\/v2\/pages\/13\/revisions"}],"predecessor-version":[{"id":16,"href":"https:\/\/adpatres.com.pl\/index.php\/wp-json\/wp\/v2\/pages\/13\/revisions\/16"}],"wp:attachment":[{"href":"https:\/\/adpatres.com.pl\/index.php\/wp-json\/wp\/v2\/media?parent=13"}],"curies":[{"name":"wp","href":"https:\/\/api.w.org\/{rel}","templated":true}]}}